{"id":20,"date":"2017-12-06T17:23:26","date_gmt":"2017-12-06T16:23:26","guid":{"rendered":"http:\/\/www.nvs.it\/?page_id=20"},"modified":"2026-03-20T18:27:26","modified_gmt":"2026-03-20T17:27:26","slug":"contatti","status":"publish","type":"page","link":"http:\/\/www.nvs.it\/index.php\/contatti\/","title":{"rendered":"Contatti"},"content":{"rendered":"<div id=\"pl-20\"  class=\"panel-layout\" ><div id=\"pg-20-0\"  class=\"panel-grid panel-has-style\" ><div class=\"siteorigin-panels-stretch panel-row-style panel-row-style-for-20-0\" style=\"background-image: url(http:\/\/www.nvs.it\/wp-content\/uploads\/2017\/12\/paper_dents_texture_76553_1920x1080.jpg);padding: 15% 0; \" data-stretch-type=\"full-width-stretch\" data-hasbg=\"hasbg\" data-overlay-color=\"#000000\" ><div id=\"pgc-20-0-0\"  class=\"panel-grid-cell panel-grid-cell-empty\" ><\/div><div id=\"pgc-20-0-1\"  class=\"panel-grid-cell panel-grid-cell-mobile-last\" ><div class=\"panel-cell-style panel-cell-style-for-20-0-1\" ><div id=\"panel-20-0-1-0\" class=\"so-panel widget widget_sow-editor panel-first-child\" data-index=\"0\" ><div style=\"text-align: left;\" data-title-color=\"#443f3f\" data-headings-color=\"#443f3f\" class=\"panel-widget-style panel-widget-style-for-20-0-1-0\" ><div\n\t\t\t\n\t\t\tclass=\"so-widget-sow-editor so-widget-sow-editor-base\"\n\t\t\t\n\t\t>\n<div class=\"siteorigin-widget-tinymce textwidget\">\n\t<h2>NVS.it\u00a0<\/h2>\n<\/div>\n<\/div><\/div><\/div><div id=\"panel-20-0-1-1\" class=\"so-panel widget widget_sydney_contact_info sydney_contact_info_widget panel-last-child\" data-index=\"1\" ><div style=\"text-align: left;\" data-title-color=\"#443f3f\" data-headings-color=\"#443f3f\" class=\"panel-widget-style panel-widget-style-for-20-0-1-1\" ><div class=\"contact-address\"><span><i class=\"sydney-svg-icon\"><svg xmlns=\"http:\/\/www.w3.org\/2000\/svg\" viewBox=\"0 0 576 512\"><path d=\"M280.37 148.26L96 300.11V464a16 16 0 0 0 16 16l112.06-.29a16 16 0 0 0 15.92-16V368a16 16 0 0 1 16-16h64a16 16 0 0 1 16 16v95.64a16 16 0 0 0 16 16.05L464 480a16 16 0 0 0 16-16V300L295.67 148.26a12.19 12.19 0 0 0-15.3 0zM571.6 251.47L488 182.56V44.05a12 12 0 0 0-12-12h-56a12 12 0 0 0-12 12v72.61L318.47 43a48 48 0 0 0-61 0L4.34 251.47a12 12 0 0 0-1.6 16.9l25.5 31A12 12 0 0 0 45.15 301l235.22-193.74a12.19 12.19 0 0 1 15.3 0L530.9 301a12 12 0 0 0 16.9-1.6l25.5-31a12 12 0 0 0-1.7-16.93z\" \/><\/svg><\/i><\/span>Via Cetteo Ciglia, 70 65128 Pescara (PE)<\/div><div class=\"contact-email\"><span><i class=\"sydney-svg-icon\"><svg xmlns=\"http:\/\/www.w3.org\/2000\/svg\" viewBox=\"0 0 512 512\"><path d=\"M502.3 190.8c3.9-3.1 9.7-.2 9.7 4.7V400c0 26.5-21.5 48-48 48H48c-26.5 0-48-21.5-48-48V195.6c0-5 5.7-7.8 9.7-4.7 22.4 17.4 52.1 39.5 154.1 113.6 21.1 15.4 56.7 47.8 92.2 47.6 35.7.3 72-32.8 92.3-47.6 102-74.1 131.6-96.3 154-113.7zM256 320c23.2.4 56.6-29.2 73.4-41.4 132.7-96.3 142.8-104.7 173.4-128.7 5.8-4.5 9.2-11.5 9.2-18.9v-19c0-26.5-21.5-48-48-48H48C21.5 64 0 85.5 0 112v19c0 7.4 3.4 14.3 9.2 18.9 30.6 23.9 40.7 32.4 173.4 128.7 16.8 12.2 50.2 41.8 73.4 41.4z\" \/><\/svg><\/i><\/span><a href=\"mailto:&#105;nf&#111;&#64;&#110;&#118;s&#46;&#105;t\">&#105;nf&#111;&#64;&#110;&#118;s&#46;&#105;t<\/a><\/div><\/div><\/div><\/div><\/div><div id=\"pgc-20-0-2\"  class=\"panel-grid-cell panel-grid-cell-empty\" ><\/div><\/div><\/div><div id=\"pg-20-1\"  class=\"panel-grid panel-has-style\" ><div class=\"siteorigin-panels-stretch panel-row-style panel-row-style-for-20-1\" style=\"padding: 50px 0; \" data-stretch-type=\"full-width-stretch\" data-overlay=\"true\" data-overlay-color=\"#000000\" ><div id=\"pgc-20-1-0\"  class=\"panel-grid-cell panel-grid-cell-empty\" ><\/div><div id=\"pgc-20-1-1\"  class=\"panel-grid-cell panel-grid-cell-mobile-last\" ><div id=\"panel-20-1-1-0\" class=\"so-panel widget widget_sow-editor panel-first-child panel-last-child\" data-index=\"2\" ><div style=\"text-align: left;\" data-title-color=\"#443f3f\" data-headings-color=\"#7c0000\" class=\"panel-widget-style panel-widget-style-for-20-1-1-0\" ><div\n\t\t\t\n\t\t\tclass=\"so-widget-sow-editor so-widget-sow-editor-base\"\n\t\t\t\n\t\t>\n<div class=\"siteorigin-widget-tinymce textwidget\">\n\t<h2 style=\"text-align: center;\">Concedici la possibilit\u00e0 di dimostrarti che il nostro valore \u00e8 molto di pi\u00f9 della spesa che affronterai.<\/h2>\n<h4 style=\"text-align: center;\">\u00a0Contattaci e saremo lieti di discutere il lavoro e realizzare un preventivo.<\/h4>\n<\/div>\n<\/div><\/div><\/div><\/div><div id=\"pgc-20-1-2\"  class=\"panel-grid-cell panel-grid-cell-empty\" ><\/div><\/div><\/div><\/div>","protected":false},"excerpt":{"rendered":"<p>NVS.it\u00a0 Concedici la possibilit\u00e0 di dimostrarti che il nostro valore \u00e8 molto di pi\u00f9 della spesa che affronterai. \u00a0Contattaci e saremo lieti [&hellip;]<\/p>\n","protected":false},"author":1,"featured_media":0,"parent":0,"menu_order":0,"comment_status":"closed","ping_status":"closed","template":"","meta":[],"_links":{"self":[{"href":"http:\/\/www.nvs.it\/index.php\/wp-json\/wp\/v2\/pages\/20"}],"collection":[{"href":"http:\/\/www.nvs.it\/index.php\/wp-json\/wp\/v2\/pages"}],"about":[{"href":"http:\/\/www.nvs.it\/index.php\/wp-json\/wp\/v2\/types\/page"}],"author":[{"embeddable":true,"href":"http:\/\/www.nvs.it\/index.php\/wp-json\/wp\/v2\/users\/1"}],"replies":[{"embeddable":true,"href":"http:\/\/www.nvs.it\/index.php\/wp-json\/wp\/v2\/comments?post=20"}],"version-history":[{"count":66,"href":"http:\/\/www.nvs.it\/index.php\/wp-json\/wp\/v2\/pages\/20\/revisions"}],"predecessor-version":[{"id":2713,"href":"http:\/\/www.nvs.it\/index.php\/wp-json\/wp\/v2\/pages\/20\/revisions\/2713"}],"wp:attachment":[{"href":"http:\/\/www.nvs.it\/index.php\/wp-json\/wp\/v2\/media?parent=20"}],"curies":[{"name":"wp","href":"https:\/\/api.w.org\/{rel}","templated":true}]}}